{"id":225,"date":"2024-05-18T12:50:48","date_gmt":"2024-05-18T12:50:48","guid":{"rendered":"https:\/\/szivbolszivert.hu\/?page_id=225"},"modified":"2024-07-06T19:14:54","modified_gmt":"2024-07-06T19:14:54","slug":"en-is-eletmento-vagyok","status":"publish","type":"page","link":"https:\/\/szivbolszivert.hu\/?page_id=225","title":{"rendered":"\u00c9n is \u00e9letment\u0151 vagyok"},"content":{"rendered":"\n<p class=\"has-large-font-size\">Akikre b\u00fcszk\u00e9k vagyunk, hogy id\u0151t \u00e9s energi\u00e1t nem sajn\u00e1lva elsaj\u00e1t\u00edtott\u00e1k az \u00fajra\u00e9leszt\u00e9si tudom\u00e1nyt, amit megfelel\u0151 szinten alkalmazni tudnak b\u00e1rmely helyzetben!<\/p>\n\n\n\n<figure class=\"wp-block-image aligncenter size-large is-resized\"><img loading=\"lazy\" decoding=\"async\" width=\"1024\" height=\"726\" src=\"https:\/\/szivbolszivert.hu\/wp-content\/uploads\/2024\/05\/1-1-1024x726.png\" alt=\"\" class=\"wp-image-228\" style=\"width:632px;height:auto\" srcset=\"https:\/\/szivbolszivert.hu\/wp-content\/uploads\/2024\/05\/1-1-1024x726.png 1024w, https:\/\/szivbolszivert.hu\/wp-content\/uploads\/2024\/05\/1-1-300x213.png 300w, https:\/\/szivbolszivert.hu\/wp-content\/uploads\/2024\/05\/1-1-768x545.png 768w, https:\/\/szivbolszivert.hu\/wp-content\/uploads\/2024\/05\/1-1-1536x1090.png 1536w, https:\/\/szivbolszivert.hu\/wp-content\/uploads\/2024\/05\/1-1.png 1748w\" sizes=\"auto, (max-width: 1024px) 100vw, 1024px\" \/><\/figure>\n\n\n\n<p>Az al\u00e1bbi \u00e9letment\u0151k \u00e1tvett\u00e9k a regisztr\u00e1lt, egyedi sorsz\u00e1mozott plasztikk\u00e1rty\u00e1kat, amivel megk\u00f6sz\u00f6nj\u00fck, hogy a Sz\u00edvb\u0151l Sz\u00edv\u00e9rt misszi\u00f3hoz tartoznak!<\/p>\n\n\n\n<figure class=\"wp-block-gallery has-nested-images columns-default is-cropped wp-block-gallery-1 is-layout-flex wp-block-gallery-is-layout-flex\">\n<figure class=\"wp-block-image size-large\"><img loading=\"lazy\" decoding=\"async\" width=\"1024\" height=\"726\" data-id=\"242\" src=\"https:\/\/szivbolszivert.hu\/wp-content\/uploads\/2024\/05\/1-2-1024x726.png\" alt=\"\" class=\"wp-image-242\" srcset=\"https:\/\/szivbolszivert.hu\/wp-content\/uploads\/2024\/05\/1-2-1024x726.png 1024w, https:\/\/szivbolszivert.hu\/wp-content\/uploads\/2024\/05\/1-2-300x213.png 300w, https:\/\/szivbolszivert.hu\/wp-content\/uploads\/2024\/05\/1-2-768x545.png 768w, https:\/\/szivbolszivert.hu\/wp-content\/uploads\/2024\/05\/1-2-1536x1090.png 1536w, https:\/\/szivbolszivert.hu\/wp-content\/uploads\/2024\/05\/1-2.png 1748w\" sizes=\"auto, (max-width: 1024px) 100vw, 1024px\" \/><\/figure>\n\n\n\n<figure class=\"wp-block-image size-large\"><img loading=\"lazy\" decoding=\"async\" width=\"1024\" height=\"726\" data-id=\"245\" src=\"https:\/\/szivbolszivert.hu\/wp-content\/uploads\/2024\/05\/2-1-1024x726.png\" alt=\"\" class=\"wp-image-245\" srcset=\"https:\/\/szivbolszivert.hu\/wp-content\/uploads\/2024\/05\/2-1-1024x726.png 1024w, https:\/\/szivbolszivert.hu\/wp-content\/uploads\/2024\/05\/2-1-300x213.png 300w, https:\/\/szivbolszivert.hu\/wp-content\/uploads\/2024\/05\/2-1-768x545.png 768w, https:\/\/szivbolszivert.hu\/wp-content\/uploads\/2024\/05\/2-1-1536x1090.png 1536w, https:\/\/szivbolszivert.hu\/wp-content\/uploads\/2024\/05\/2-1.png 1748w\" sizes=\"auto, (max-width: 1024px) 100vw, 1024px\" \/><\/figure>\n<\/figure>\n\n\n\n<p>Tov\u00e1bb\u00e1 a n\u00e9vre sz\u00f3l\u00f3 elismerv\u00e9ny\u00fcnket is.<\/p>\n\n\n\n<figure class=\"wp-block-image aligncenter size-large is-resized\"><img loading=\"lazy\" decoding=\"async\" width=\"1024\" height=\"724\" src=\"https:\/\/szivbolszivert.hu\/wp-content\/uploads\/2024\/05\/Oklevel-PNG-1024x724.png\" alt=\"\" class=\"wp-image-231\" style=\"width:685px;height:auto\" srcset=\"https:\/\/szivbolszivert.hu\/wp-content\/uploads\/2024\/05\/Oklevel-PNG-1024x724.png 1024w, https:\/\/szivbolszivert.hu\/wp-content\/uploads\/2024\/05\/Oklevel-PNG-300x212.png 300w, https:\/\/szivbolszivert.hu\/wp-content\/uploads\/2024\/05\/Oklevel-PNG-768x543.png 768w, https:\/\/szivbolszivert.hu\/wp-content\/uploads\/2024\/05\/Oklevel-PNG-1536x1086.png 1536w, https:\/\/szivbolszivert.hu\/wp-content\/uploads\/2024\/05\/Oklevel-PNG.png 2000w\" sizes=\"auto, (max-width: 1024px) 100vw, 1024px\" \/><\/figure>\n\n\n\n<p><em>A n\u00e9vlista nem teljes, hiszen csak azok a nevek ker\u00fclnek fel az oldalunkra, akik ehhez hozz\u00e1j\u00e1rultak, figyelembe v\u00e9ve a GDPR erre vonatkoz\u00f3 rendelkez\u00e9s\u00e9t!<\/em><\/p>\n\n\n\n<ol class=\"wp-block-list\">\n<li>Nagy P\u00e9ter<\/li>\n\n\n\n<li>Kov\u00e1cs Anna<\/li>\n\n\n\n<li>Szab\u00f3 G\u00e1bor<\/li>\n\n\n\n<li>T\u00f3th Zsuzsanna<\/li>\n\n\n\n<li>Horv\u00e1th L\u00e1szl\u00f3<\/li>\n\n\n\n<li>Varga Katalin<\/li>\n\n\n\n<li>Kiss Tam\u00e1s<\/li>\n\n\n\n<li>Moln\u00e1r Eszter<\/li>\n\n\n\n<li>N\u00e9meth Istv\u00e1n<\/li>\n\n\n\n<li>Farkas Judit<\/li>\n\n\n\n<li>Balogh Lajos<\/li>\n\n\n\n<li>Simon M\u00e1ria<\/li>\n\n\n\n<li>Szalai Andr\u00e1s<\/li>\n\n\n\n<li>Papp \u00c1gnes<\/li>\n\n\n\n<li>Juh\u00e1sz Csaba<\/li>\n\n\n\n<li>Fekete Gabriella<\/li>\n\n\n\n<li>Tak\u00e1cs Zolt\u00e1n<\/li>\n\n\n\n<li>B\u00edr\u00f3 Krisztina<\/li>\n\n\n\n<li>V\u00f6r\u00f6s J\u00f3zsef<\/li>\n\n\n\n<li>Magyar Vikt\u00f3ria<\/li>\n\n\n\n<li>S\u00e1rk\u00f6zi Ferenc<\/li>\n\n\n\n<li>Hajdu M\u00f3nika<\/li>\n\n\n\n<li>Pataki \u00c1d\u00e1m<\/li>\n\n\n\n<li>M\u00e9sz\u00e1ros T\u00edmea<\/li>\n\n\n\n<li>Kocsis D\u00e1niel<\/li>\n\n\n\n<li>Antal Emese<\/li>\n\n\n\n<li>Lakatos J\u00e1nos<\/li>\n\n\n\n<li>Bodn\u00e1r Edit<\/li>\n\n\n\n<li>F\u00fcl\u00f6p Bal\u00e1zs<\/li>\n\n\n\n<li>Bereczki Anik\u00f3<\/li>\n\n\n\n<li>Szil\u00e1gyi R\u00f3bert<\/li>\n\n\n\n<li>Garai Erzs\u00e9bet<\/li>\n\n\n\n<li>Csorba Gergely<\/li>\n\n\n\n<li>Turi J\u00falia<\/li>\n\n\n\n<li>Feh\u00e9r Levente<\/li>\n\n\n\n<li>F\u00e1bi\u00e1n M\u00e1t\u00e9<\/li>\n\n\n\n<li>Gy\u00f6rgy Tamara<\/li>\n\n\n\n<li>Kelemen N\u00f3ra<\/li>\n\n\n\n<li>Katona M\u00e1rk<\/li>\n\n\n\n<li>P\u00e1lfi Lilla<\/li>\n\n\n\n<li>P\u00e1l Zolt\u00e1n<\/li>\n\n\n\n<li>Dobos Adrienn<\/li>\n\n\n\n<li>Vass Norbert<\/li>\n\n\n\n<li>K\u00e1lm\u00e1n Di\u00e1na<\/li>\n\n\n\n<li>J\u00e1nosi Bence<\/li>\n\n\n\n<li>Bogn\u00e1r Kl\u00e1ra<\/li>\n\n\n\n<li>Mikl\u00f3s Attila<\/li>\n\n\n\n<li>Sipos Petra<\/li>\n\n\n\n<li>P\u00e1sztor Andor<\/li>\n\n\n\n<li>Horv\u00e1th Vivien<\/li>\n\n\n\n<li>Kert\u00e9sz D\u00e1vid<\/li>\n\n\n\n<li>Fodor No\u00e9mi<\/li>\n\n\n\n<li>Kocsis Imre<\/li>\n\n\n\n<li>T\u00f6r\u00f6k Barbara<\/li>\n\n\n\n<li>Nagy Gerg\u0151<\/li>\n\n\n\n<li>Berta Kriszti\u00e1n<\/li>\n\n\n\n<li>Major Orsolya<\/li>\n\n\n\n<li>B\u00e1lint Szilvia<\/li>\n\n\n\n<li>De\u00e1k Viktor<\/li>\n\n\n\n<li>Guly\u00e1s Enik\u0151<\/li>\n\n\n\n<li>R\u00e1cz Istv\u00e1n<\/li>\n\n\n\n<li>P\u00e1lfi Veronika<\/li>\n\n\n\n<li>Szekeres Zsolt<\/li>\n\n\n\n<li>Juh\u00e1sz \u00c1ron<\/li>\n\n\n\n<li>Bogn\u00e1r M\u00e1rta<\/li>\n\n\n\n<li>Varga Levente<\/li>\n\n\n\n<li>N\u00e9meth Bernadett<\/li>\n\n\n\n<li>Szab\u00f3 B\u00e1lint<\/li>\n\n\n\n<li>S\u00e1rk\u00e1ny D\u00f3ra<\/li>\n\n\n\n<li>Kiss \u00c1kos<\/li>\n\n\n\n<li>Lengyel Kitti<\/li>\n\n\n\n<li>Simon Viktor<\/li>\n\n\n\n<li>Moln\u00e1r Klaudia<\/li>\n\n\n\n<li>Kov\u00e1cs P\u00e9ter<\/li>\n\n\n\n<li>Csaba Emese<\/li>\n\n\n\n<li>Tam\u00e1s Rich\u00e1rd<\/li>\n\n\n\n<li>Nagy N\u00f3ra<\/li>\n\n\n\n<li>Szab\u00f3 Kriszti\u00e1n<\/li>\n\n\n\n<li>T\u00f3th Laura<\/li>\n\n\n\n<li>Kerekes Norbert<\/li>\n\n\n\n<li>Sz\u0171cs Adrienn<\/li>\n\n\n\n<li>Hajd\u00fa Bence<\/li>\n\n\n\n<li>Boros T\u00edmea<\/li>\n\n\n\n<li>Varga Roland<\/li>\n\n\n\n<li>Papp N\u00f3ra<\/li>\n\n\n\n<li>Fekete Csilla<\/li>\n\n\n\n<li>T\u00f3th M\u00e1rk<\/li>\n\n\n\n<li>Nagy Enik\u0151<\/li>\n\n\n\n<li>Farkas Tam\u00e1s<\/li>\n\n\n\n<li>Kov\u00e1cs Bence<\/li>\n\n\n\n<li>Varga Gabriella<\/li>\n\n\n\n<li>Horv\u00e1th K\u00e1roly<\/li>\n\n\n\n<li>Tak\u00e1cs Bal\u00e1zs<\/li>\n\n\n\n<li>N\u00e9meth L\u00edvia<\/li>\n\n\n\n<li>Kelemen Attila<\/li>\n\n\n\n<li>Kov\u00e1cs R\u00f3bert<\/li>\n\n\n\n<li>Sz\u0171cs Zolt\u00e1n<\/li>\n\n\n\n<li>T\u00f3th G\u00e1bor<\/li>\n\n\n\n<li>P\u00e1lfi Laura<\/li>\n\n\n\n<li>Moln\u00e1r Ferenc<\/li>\n\n\n\n<li>Horv\u00e1th \u00c9va<\/li>\n\n\n\n<li>T\u00f3th Istv\u00e1n (Ker\u00edt\u00e9sdoki)<\/li>\n\n\n\n<li>T\u00f3th No\u00e9mi<\/li>\n\n\n\n<li>Zelen\u00e1k Andrea<\/li>\n\n\n\n<li>Kriszt L\u00e1szl\u00f3<\/li>\n\n\n\n<li>Varga M\u00e1rk<\/li>\n<\/ol>\n","protected":false},"excerpt":{"rendered":"<p>Akikre b\u00fcszk\u00e9k vagyunk, hogy id\u0151t \u00e9s energi\u00e1t nem sajn\u00e1lva elsaj\u00e1t\u00edtott\u00e1k az \u00fajra\u00e9leszt\u00e9si tudom\u00e1nyt, amit megfelel\u0151 szinten alkalmazni tudnak b\u00e1rmely helyzetben! Az al\u00e1bbi \u00e9letment\u0151k \u00e1tvett\u00e9k a regisztr\u00e1lt, egyedi sorsz\u00e1mozott plasztikk\u00e1rty\u00e1kat, amivel megk\u00f6sz\u00f6nj\u00fck, hogy a Sz\u00edvb\u0151l Sz\u00edv\u00e9rt misszi\u00f3hoz tartoznak! Tov\u00e1bb\u00e1 a n\u00e9vre sz\u00f3l\u00f3 elismerv\u00e9ny\u00fcnket is. A n\u00e9vlista nem teljes, hiszen csak azok a nevek ker\u00fclnek fel az [&hellip;]<\/p>\n","protected":false},"author":1,"featured_media":0,"parent":0,"menu_order":0,"comment_status":"closed","ping_status":"closed","template":"","meta":{"_regular_price":[],"currency_symbol":[],"footnotes":""},"class_list":["post-225","page","type-page","status-publish","hentry"],"post_slider_layout_featured_media_urls":{"thumbnail":"","post_slider_layout_landscape_large":"","post_slider_layout_portrait_large":"","post_slider_layout_square_large":"","post_slider_layout_landscape":"","post_slider_layout_portrait":"","post_slider_layout_square":"","full":""},"_links":{"self":[{"href":"https:\/\/szivbolszivert.hu\/index.php?rest_route=\/wp\/v2\/pages\/225","targetHints":{"allow":["GET"]}}],"collection":[{"href":"https:\/\/szivbolszivert.hu\/index.php?rest_route=\/wp\/v2\/pages"}],"about":[{"href":"https:\/\/szivbolszivert.hu\/index.php?rest_route=\/wp\/v2\/types\/page"}],"author":[{"embeddable":true,"href":"https:\/\/szivbolszivert.hu\/index.php?rest_route=\/wp\/v2\/users\/1"}],"replies":[{"embeddable":true,"href":"https:\/\/szivbolszivert.hu\/index.php?rest_route=%2Fwp%2Fv2%2Fcomments&post=225"}],"version-history":[{"count":5,"href":"https:\/\/szivbolszivert.hu\/index.php?rest_route=\/wp\/v2\/pages\/225\/revisions"}],"predecessor-version":[{"id":282,"href":"https:\/\/szivbolszivert.hu\/index.php?rest_route=\/wp\/v2\/pages\/225\/revisions\/282"}],"wp:attachment":[{"href":"https:\/\/szivbolszivert.hu\/index.php?rest_route=%2Fwp%2Fv2%2Fmedia&parent=225"}],"curies":[{"name":"wp","href":"https:\/\/api.w.org\/{rel}","templated":true}]}}